{"id":54,"date":"2024-02-13T00:23:56","date_gmt":"2024-02-13T00:23:56","guid":{"rendered":"https:\/\/www.limur.eu\/limur\/?page_id=54"},"modified":"2024-07-09T11:57:03","modified_gmt":"2024-07-09T11:57:03","slug":"limur","status":"publish","type":"page","link":"https:\/\/www.limur.eu\/limur\/limur\/","title":{"rendered":"LIM\u00faR?"},"content":{"rendered":"\r\n<p><span style=\"color: #ff0000;\">[castellano] \/ [portugu\u00eas] \/ [english]<\/span><\/p>\r\n<p><span style=\"color: #ff0000;\">\r\n\r\n<\/span><\/p>\r\n<p><span style=\"color: #ff0000;\">[castellano]<\/span><\/p>\r\n\r\n\r\n\r\n<p>No, <strong>LIM\u00faR<\/strong> no es la nueva revelaci\u00f3n del pop island\u00e9s ni un simp\u00e1tico animalillo arbor\u00edcola de Madagascar: es la Lista Ib\u00e9rica de M\u00fasicas de Ra\u00edz.\u00a0<\/p>\r\n\r\n\r\n\r\n<p><strong>LIM\u00faR<\/strong> pretende celebrar, reconocer, potenciar y difundir las producciones discogr\u00e1ficas de <strong>m\u00fasicas ib\u00e9rica de ra\u00edz<\/strong> de mayor calidad.\u00a0\u00a0<\/p>\r\n\r\n\r\n\r\n<p>Entendemos por <strong>m\u00fasica ib\u00e9rica de ra\u00edz<\/strong> cualquier expresi\u00f3n musical <strong>con ra\u00edces en las culturas ib\u00e9ricas hecha en cualquier parte del planeta<\/strong>, as\u00ed como cualquier expresi\u00f3n musical <strong>con ra\u00edces en cualquier parte del planeta realizada por artistas ib\u00e9ricos y\/o en tierras ib\u00e9ricas<\/strong>, entendiendo por ib\u00e9rico lo referido a cualquier territorio bajo administraci\u00f3n espa\u00f1ola, portuguesa, andorrana o gibraltare\u00f1a, incluyendo aquellos situados fuera de la pen\u00ednsula Ib\u00e9rica.\u00a0<\/p>\r\n\r\n\r\n\r\n<p><strong>LIM\u00faR<\/strong> re\u00fane un plantel de especialistas en m\u00fasicas de ra\u00edz en sus diferentes vertientes: tradicional, folk, las llamadas m\u00fasicas del mundo, o de estilos como el flamenco, el fado o cualquier otro, con esp\u00edritu abierto para valorar cualquier producci\u00f3n discogr\u00e1fica en funci\u00f3n de su calidad art\u00edstica, m\u00e1s all\u00e1 de su estilo musical.\u00a0<\/p>\r\n\r\n\r\n\r\n<p><strong>LIM\u00faR<\/strong> produce cada a\u00f1o cuatro listas trimestrales y una anual con los discos recientes de las caracter\u00edsticas citadas mejor valorados por los panelistas, en una categor\u00eda \u00fanica que recoger\u00e1 cualquier producci\u00f3n discogr\u00e1fica, sin importar su formato o el modo de edici\u00f3n o distribuci\u00f3n.\u00a0<\/p>\r\n<p><strong>LIM\u00faR\u00a0<\/strong>ha sido ideada y es administrada por\u00a0<strong>Juan Antonio V\u00e1zquez<\/strong>\u00a0(Mundofon\u00edas, Mil mundos, Transglobal World Music Chart&#8230;) Para cualquier informaci\u00f3n adicional, entrevistas con el administrador, etc., no dudes en ponerte en <a href=\"https:\/\/www.limur.eu\/limur\/contacto\/\">contacto<\/a>.<\/p>\r\n<p><strong>\u00bfC\u00f3mo funciona?<\/strong><\/p>\r\n<p>La votaci\u00f3n de los panelistas se hace a partir de una lista cerrada que comprende los discos enviados a la <strong>LIM\u00faR<\/strong> a trav\u00e9s del formulario web, o autorizados para compartir con los panelistas de <strong>LIM\u00faR<\/strong>. Tambi\u00e9n se tendr\u00e1n en cuenta todos los discos considerados de m\u00fasicas ib\u00e9ricas de ra\u00edz de los que el administrador haya tenido conocimiento. Para ello, tanto los panelistas como cualquier persona puede notificar la publicaci\u00f3n de un disco de estas caracter\u00edsticas, que ser\u00e1 inmediatamente tenido en cuenta.<\/p>\r\n<p>Para la <strong>lista trimestral<\/strong> son elegibles los discos publicados en los dos \u00faltimos trimestres, m\u00e1s los del trimestre inmediatamente anterior que no hayan sido propuestos en anteriores votaciones.<\/p>\r\n<p>Para la <strong>lista anual<\/strong> se tendr\u00e1n en cuenta los discos publicados a lo largo de todo el a\u00f1o, m\u00e1s los del \u00faltimo trimestre del a\u00f1o anterior que no hayan sido tenidos en cuenta en la votaci\u00f3n del a\u00f1o anterior.<\/p>\r\n\r\n\r\n\r\n<p><span style=\"color: #ff0000;\">[portugu\u00eas]<\/span><\/p>\r\n\r\n\r\n\r\n<p>N\u00e3o, <strong>LIM\u00faR<\/strong> n\u00e3o \u00e9 a nova revela\u00e7\u00e3o do pop island\u00eas nem um simp\u00e1tico animalzinho arbor\u00edcola de Madag\u00e1scar: \u00e9 a Lista Ib\u00e9rica de M\u00fasicas de Raiz.\u00a0<\/p>\r\n\r\n\r\n\r\n<p>A <strong>LIM\u00faR<\/strong> pretende celebrar, reconhecer, potenciar e divulgar as produ\u00e7\u00f5es discogr\u00e1ficas de <strong>m\u00fasicas ib\u00e9ricas de raiz<\/strong> de maior qualidade.\u00a0<\/p>\r\n\r\n\r\n\r\n<p>Entendemos por <strong>m\u00fasica ib\u00e9rica de raiz<\/strong> qualquer express\u00e3o musical <strong>com ra\u00edzes nas culturas ib\u00e9ricas realizada em qualquer parte do planeta<\/strong> ou qualquer express\u00e3o musical <strong>com ra\u00edzes em qualquer parte do planeta realizada por artistas ib\u00e9ricos e\/ou em terras ib\u00e9ricas<\/strong>, entendendo por ib\u00e9rico o que se refere a qualquer territ\u00f3rio sob administra\u00e7\u00e3o portuguesa, espanhola, andorrana ou gibraltina, incluindo aqueles situados fora da pen\u00ednsula Ib\u00e9rica.\u00a0<\/p>\r\n\r\n\r\n\r\n<p>A <strong>LIM\u00faR<\/strong> re\u00fane um grupo de especialistas em m\u00fasicas de raiz nas suas diferentes vertentes: tradicional, folk, as chamadas m\u00fasicas do mundo, ou de estilos como o flamenco, o fado ou qualquer outro, com esp\u00edrito aberto para avaliar qualquer produ\u00e7\u00e3o discogr\u00e1fica com base na sua qualidade art\u00edstica, independentemente do seu estilo musical.\u00a0<\/p>\r\n\r\n\r\n\r\n<p>A <strong>LIM\u00faR<\/strong> produz a cada ano quatro listas trimestrais e uma anual com os discos recentes das caracter\u00edsticas citadas, mais bem avaliados pelos painelistas, em uma categoria \u00fanica que incluir\u00e1 qualquer produ\u00e7\u00e3o discogr\u00e1fica, independentemente do seu formato ou modo de edi\u00e7\u00e3o ou distribui\u00e7\u00e3o.\u00a0<\/p>\r\n<p><strong>LIM\u00faR\u00a0<\/strong>foi idealizada e \u00e9 administrada por\u00a0<strong>Juan Antonio V\u00e1zquez<\/strong>\u00a0(Mundofon\u00edas, Mil mundos, Transglobal World Music Chart&#8230;). Para qualquer informa\u00e7\u00e3o adicional, entrevistas com o administrador, etc., n\u00e3o hesite em entrar em <a href=\"https:\/\/www.limur.eu\/limur\/contacto\/\">contacto<\/a>.<\/p>\r\n<p><strong>Como funciona?<\/strong><\/p>\r\n<div class=\"flex flex-grow flex-col max-w-full\">\r\n<div class=\"min-h-[20px] text-message flex flex-col items-start whitespace-pre-wrap break-words [.text-message+&amp;]:mt-5 juice:w-full juice:items-end overflow-x-auto gap-2\" dir=\"auto\" data-message-author-role=\"assistant\" data-message-id=\"ec38a3c3-0a65-420a-8088-0a5a24975877\">\r\n<div class=\"flex w-full flex-col gap-1 juice:empty:hidden juice:first:pt-[3px]\">\r\n<div class=\"markdown prose w-full break-words dark:prose-invert light\">\r\n<p>A vota\u00e7\u00e3o dos painelistas \u00e9 feita a partir de uma lista fechada que inclui os discos enviados para a <strong>LIM\u00faR<\/strong> atrav\u00e9s do formul\u00e1rio web, ou autorizados para partilhar com os painelistas da <strong>LIM\u00faR<\/strong>. Tamb\u00e9m ser\u00e3o considerados todos os discos considerados de <strong>m\u00fasicas ib\u00e9ricas de raiz<\/strong> de que o administrador tenha tido conhecimento. Para isso, tanto os painelistas como qualquer pessoa podem notificar a publica\u00e7\u00e3o de um disco com estas caracter\u00edsticas, que ser\u00e1 imediatamente tido em conta.<\/p>\r\n<p>Para a <strong>lista trimestral<\/strong>, s\u00e3o eleg\u00edveis os discos publicados nos dois \u00faltimos trimestres, mais os do trimestre imediatamente anterior que n\u00e3o tenham sido propostos em vota\u00e7\u00f5es anteriores.<\/p>\r\n<p>Para a <strong>lista anual<\/strong>, ser\u00e3o considerados os discos publicados ao longo de todo o ano, mais os do \u00faltimo trimestre do ano anterior que n\u00e3o tenham sido tidos em conta na vota\u00e7\u00e3o do ano anterior.<\/p>\r\n<\/div>\r\n<\/div>\r\n<\/div>\r\n<\/div>\r\n<div class=\"mt-1 flex gap-3 empty:hidden juice:-ml-3\">\r\n<div class=\"items-center justify-start rounded-xl p-1 z-10 -mt-1 bg-token-main-surface-primary md:absolute md:border md:border-token-border-light flex\">\r\n<div class=\"flex items-center\">\r\n<div class=\"flex items-center pb-0.5 juice:pb-0\">\r\n<div class=\"[&amp;_svg]:h-full [&amp;_svg]:w-full icon-md h-4 w-4\"><span style=\"color: #ff0000;\">[english]<\/span><\/div>\r\n<div>\u00a0<\/div>\r\n<\/div>\r\n<\/div>\r\n<\/div>\r\n<\/div>\r\n\r\n\r\n\r\n<p>No, <strong>LIM\u00faR<\/strong> is not the new revelation of Icelandic pop or a cute little arboreal animal from Madagascar: it\u2019s the Iberian Roots Music Chart.<\/p>\r\n\r\n\r\n\r\n<p><strong>LIM\u00faR<\/strong> aims to celebrate, recognize, promote and disseminate the highest quality <strong>Iberian roots music<\/strong> productions.<\/p>\r\n\r\n\r\n\r\n<p>We understand <strong>Iberian roots music<\/strong> as any musical expression <strong>with roots in Iberian cultures made anywhere on the planet<\/strong>, as well as any musical expression <strong>with roots anywhere on the planet made by Iberian artists and\/or in Iberian lands<\/strong>, Iberian being understood as referring to any territory under Spanish, Portuguese, Andorran or Gibraltarian administration, including those located outside the Iberian Peninsula.<\/p>\r\n\r\n\r\n\r\n<p><strong>LIM\u00faR<\/strong> brings together a team of specialists in roots music in its different aspects: traditional, folk, the so-called world or global music, or styles such as flamenco, fado or any other, with an open spirit to evaluate any record production according to its artistic quality, beyond its musical style.<\/p>\r\n\r\n\r\n\r\n<p><strong>LIM\u00faR<\/strong> produces every year four quarterly charts and an annual one with the recent albums of the above mentioned characteristics best valued by the panelists, in a unique category that will gather any record production, regardless of its format or the way of edition or distribution.<\/p>\r\n<p><strong>LIM\u00faR<\/strong>\u00a0was conceived and is managed by\u00a0<strong>Juan Antonio V\u00e1zquez<\/strong>\u00a0(Mundofon\u00edas, Mil mundos, Transglobal World Music Chart&#8230;). For any additional information, interviews with the administrator, etc., please do not hesitate to <a href=\"https:\/\/www.limur.eu\/limur\/contacto\/\">contact<\/a>.<\/p>\r\n<p><strong>How does it work?<\/strong><\/p>\r\n<p>The panellists&#8217; voting is based on a closed list that includes the records submitted to <strong>LIM\u00faR<\/strong> through the web form or authorised to be shared with <strong>LIM\u00faR<\/strong> panelists. All records considered to be of <strong>Iberian root music<\/strong> that the administrator has become aware of will also be taken into account. For this purpose, both panelists and any person can notify the release of a record of these characteristics, which will be immediately considered.<\/p>\r\n<p>For the <strong>quarterly chart<\/strong>, records published in the last two quarters, plus those from the immediately preceding quarter that have not been proposed in previous votes, are eligible.<\/p>\r\n<p>For the <strong>annual list<\/strong>, records published throughout the entire year, plus those from the last quarter of the previous year that were not considered in the previous year&#8217;s vote, will be taken into account.<\/p>\r\n","protected":false},"excerpt":{"rendered":"<p>[castellano] \/ [portugu\u00eas] \/ [english] [castellano] No, LIM\u00faR no es la nueva revelaci\u00f3n del pop island\u00e9s ni un simp\u00e1tico animalillo arbor\u00edcola de Madagascar: es la Lista Ib\u00e9rica de M\u00fasicas de Ra\u00edz.\u00a0 LIM\u00faR pretende celebrar, reconocer, potenciar y difundir las producciones discogr\u00e1ficas de m\u00fasicas ib\u00e9rica de ra\u00edz de mayor calidad.\u00a0\u00a0 Entendemos por m\u00fasica ib\u00e9rica de ra\u00edz &hellip; <a href=\"https:\/\/www.limur.eu\/limur\/limur\/\" class=\"more-link\">Continuar a ler<span class=\"screen-reader-text\"> &#8220;LIM\u00faR?&#8221;<\/span><\/a><\/p>\n","protected":false},"author":1,"featured_media":0,"parent":0,"menu_order":0,"comment_status":"closed","ping_status":"closed","template":"","meta":{"footnotes":""},"_links":{"self":[{"href":"https:\/\/www.limur.eu\/limur\/wp-json\/wp\/v2\/pages\/54"}],"collection":[{"href":"https:\/\/www.limur.eu\/limur\/wp-json\/wp\/v2\/pages"}],"about":[{"href":"https:\/\/www.limur.eu\/limur\/wp-json\/wp\/v2\/types\/page"}],"author":[{"embeddable":true,"href":"https:\/\/www.limur.eu\/limur\/wp-json\/wp\/v2\/users\/1"}],"replies":[{"embeddable":true,"href":"https:\/\/www.limur.eu\/limur\/wp-json\/wp\/v2\/comments?post=54"}],"version-history":[{"count":7,"href":"https:\/\/www.limur.eu\/limur\/wp-json\/wp\/v2\/pages\/54\/revisions"}],"predecessor-version":[{"id":285,"href":"https:\/\/www.limur.eu\/limur\/wp-json\/wp\/v2\/pages\/54\/revisions\/285"}],"wp:attachment":[{"href":"https:\/\/www.limur.eu\/limur\/wp-json\/wp\/v2\/media?parent=54"}],"curies":[{"name":"wp","href":"https:\/\/api.w.org\/{rel}","templated":true}]}}