{"id":40,"date":"2024-02-11T17:32:44","date_gmt":"2024-02-11T17:32:44","guid":{"rendered":"https:\/\/www.limur.eu\/limur\/?page_id=40"},"modified":"2025-01-01T21:51:11","modified_gmt":"2025-01-01T21:51:11","slug":"manda-o-teu-tu-disco","status":"publish","type":"page","link":"https:\/\/www.limur.eu\/limur\/manda-o-teu-tu-disco\/","title":{"rendered":"Manda o teu\/tu disco \/ Submit your album"},"content":{"rendered":"<p><a id=\"cast\" title=\"cast\"><\/a><strong><span style=\"color: #3366ff;\">[cast] <a href=\"#port\">[em portugu\u00eas, abaixo]<\/a>\u00a0<a href=\"#eng\">[In English, below]<\/a><\/span><\/strong><\/p>\n<p>En esta p\u00e1gina encontrar\u00e1s la manera de enviar tu \u00e1lbum a la LIM\u00faR y llegar a todos los miembros del panel.<\/p>\n<ol>\n<li>Por favor, lee cuidadosamente estas instrucciones en primer lugar.<\/li>\n<li>Luego ve al final de esta p\u00e1gina y completa el <a href=\"#form\">formulario<\/a>.<\/li>\n<\/ol>\n<p><strong>Para ser elegible tu \u00e1lbum:<\/strong><\/p>\n<ul>\n<li>Ser\u00e1n considerados \u00e1lbumes elegibles aquellos que duren al menos 22 minutos, excepto si llegan a esa duraci\u00f3n a base de remezclas, versiones o ediciones de la misma canci\u00f3n. Sin embargo, si nos env\u00edas EPs o singles, aunque no sean elegibles, tambi\u00e9n se los haremos llegar a los panelistas, para que puedan difundirlo en sus medios.\u00a0<\/li>\n<li>Debe ser de m\u00fasicas de ra\u00edz ib\u00e9ricas.\n<ul>\n<li>Basadas en o con importante presencia de estilos musicales de ra\u00edz propios de cualquier lugar bajo jurisdicci\u00f3n de Espa\u00f1a, Portugal, Andorra o Gibraltar.<\/li>\n<li>Basadas en o con importante presencia de m\u00fasicas de ra\u00edz de cualquier parte del mundo, realizada por artistas ib\u00e9ricos o por artistas de cualquier lugar del mundo en territorio ib\u00e9rico.<\/li>\n<\/ul>\n<\/li>\n<li>Debe ser de reciente publicaci\u00f3n.\n<ul>\n<li>Para las listas trimestrales se tendr\u00e1n en cuenta los \u00e1lbumes editados:\n<ul>\n<li>En el trimestre en curso y el anterior<\/li>\n<li>Los del trimestre previo a estos, si anteriormente no hab\u00edan sido considerados para la votaci\u00f3n<\/li>\n<\/ul>\n<\/li>\n<li>Para la lista anual podr\u00e1n ser elegidos los discos editados:\n<ul>\n<li>Durante el a\u00f1o en curso<\/li>\n<li>Los del \u00faltimo trimestre del a\u00f1o anterior que no hubieran sido incluidos en el listado de dicho a\u00f1o.<\/li>\n<\/ul>\n<\/li>\n<li>Discos m\u00e1s antiguos tambi\u00e9n ser\u00e1n reenviados a los panelistas para su consideraci\u00f3n y posible difusi\u00f3n, aunque no puedan ser elegibles<\/li>\n<\/ul>\n<\/li>\n<\/ul>\n<p><strong>C\u00f3mo preparar tu env\u00edo<\/strong><\/p>\n<ol>\n<li>Re\u00fane tus materiales\n<ol>\n<li>Elementos obligatorios:\n<ul>\n<li>Los archivos de audio del \u00e1lbum completo, proporcionando t\u00edtulos de canciones y n\u00fameros de pistas. Recomendamos usar archivos wav y\/o mp3 a 320 kb\/s (no en peor calidad),<\/li>\n<li>Libreto completo o notas del disco y cr\u00e9ditos del \u00e1lbum (archivos PDF o similares)<\/li>\n<\/ul>\n<\/li>\n<li>Elementos opcionales (pero recomendables)\n<ul>\n<li>Enlace de streaming<\/li>\n<li>Comunicado de prensa, fotos, biograf\u00eda\u2026<\/li>\n<\/ul>\n<\/li>\n<\/ol>\n<\/li>\n<li>Prepara un enlace para descargar\n<ul>\n<li>Coloca todos tus elementos en una sola carpeta (o en una sola p\u00e1gina web con enlaces para descargar todos ellos).<\/li>\n<li>Nombra la carpeta con el nombre del artista y del \u00e1lbum, as\u00ed: Artista \u2013 \u00c1lbum (por ejemplo: The Beatles \u2013 Greatest Hits). Evita nombres gen\u00e9ricos que dificulten la identificaci\u00f3n, como MP3s, Wavs, Master, Promo, LIM\u00faR, Audios o similares.<\/li>\n<li>El enlace proporcionado debe ser gratuito y sin registro. Se distribuir\u00e1 exclusivamente a los panelistas de LIM\u00faR, quienes tienen la obligaci\u00f3n de no difundirlo.<\/li>\n<li>Tambi\u00e9n ser\u00e1 difundido a los panelistas de nuestra iniciativa hermana, la Transglobal World Music Chart, salvo que indiques lo contrario en los comentarios.<\/li>\n<li>Posible embargo para difusi\u00f3n: Cualquier material enviado a los panelistas se considera inmediatamente utilizable en sus respectivos medios, a menos que se indique lo contrario por parte del remitente. Por favor, indica en los comentarios la fecha de embargo para la difusi\u00f3n, si la hay.<\/li>\n<\/ul>\n<\/li>\n<li>Env\u00eda tu \u00e1lbum\n<ul>\n<li>Completa el <a href=\"#form\">formulario<\/a> a continuaci\u00f3n (al final de esta p\u00e1gina). Ten en cuenta que hay algunos campos obligatorios. Sin completarlos, no podr\u00e1s completar el env\u00edo.<\/li>\n<\/ul>\n<\/li>\n<\/ol>\n<p><strong>\u00bfC\u00f3mo funciona esto?<\/strong><\/p>\n<p>Cuando env\u00edas un \u00e1lbum a LIM\u00faR utilizando el formulario en esta p\u00e1gina, los administradores recibir\u00e1n un correo electr\u00f3nico. Despu\u00e9s de revisar que se incluyan los elementos requeridos y que el \u00e1lbum parezca cumplir con los criterios, se enviar\u00e1 a todos los panelistas para su consideraci\u00f3n.<\/p>\n<p>Recibir\u00e1s un correo electr\u00f3nico de confirmaci\u00f3n de que tu env\u00edo ha llegado y ha sido enviado exclusivamente a los miembros. Si no lo recibes en alrededor de una semana, cont\u00e1ctanos nuevamente, pero por favor ten paciencia: no es una respuesta autom\u00e1tica.<\/p>\n<p>Con los discos recibidos y de los otros elegibles de los que tengamos noticia, se elaborar\u00e1 un listado de discos nominados para que los panelistas puedan votar libremente por sus favoritos.<\/p>\n<p><a id=\"port\" title=\"port\"><\/a><span style=\"color: #3366ff;\"><strong>[port] <a href=\"#cast\">[en castellano, m\u00e1s arriba]<\/a>\u00a0<a href=\"#eng\">[In English, below]<\/a><\/strong><\/span><\/p>\n<p>Nesta p\u00e1gina, vais encontrar a forma de enviar o teu \u00e1lbum para a LIM\u00faR e alcan\u00e7ar todos os membros do painel.<\/p>\n<ol>\n<li>Por favor, l\u00ea com aten\u00e7\u00e3o estas instru\u00e7\u00f5es primeiro.<\/li>\n<li>Depois vai at\u00e9 ao final desta p\u00e1gina e preenche o <a href=\"#form\">formul\u00e1rio<\/a>.<\/li>\n<\/ol>\n<p><strong>Para ser eleg\u00edvel, o teu \u00e1lbum deve:<\/strong><\/p>\n<ul>\n<li>Ser\u00e3o considerados eleg\u00edveis os \u00e1lbuns que tenham pelo menos 22 minutos de dura\u00e7\u00e3o, exceto se essa dura\u00e7\u00e3o for atingida com remisturas, vers\u00f5es ou edi\u00e7\u00f5es da mesma m\u00fasica. No entanto, se enviares EPs ou singles, mesmo que n\u00e3o sejam eleg\u00edveis, n\u00f3s tamb\u00e9m os enviaremos aos membros do painel para que possam difundi-los nos seus meios de comunica\u00e7\u00e3o.<\/li>\n<li>Ser de m\u00fasicas de ra\u00edzes ib\u00e9ricas.\n<ul>\n<li>Baseado em ou com presen\u00e7a significativa de estilos musicais enraizados em qualquer lugar sob a jurisdi\u00e7\u00e3o de Espanha, Portugal, Andorra ou Gibraltar.<\/li>\n<li>Baseado em ou com presen\u00e7a significativa de m\u00fasicas de raiz de qualquer parte do mundo, realizada por artistas ib\u00e9ricos ou por artistas de qualquer lugar do mundo em territ\u00f3rio ib\u00e9rico.<\/li>\n<\/ul>\n<\/li>\n<li>Ser de publica\u00e7\u00e3o recente.\n<ul>\n<li>Para listas trimestrais, ser\u00e3o considerados os \u00e1lbuns lan\u00e7ados em:\n<ul>\n<li>O trimestre atual e o anterior.<\/li>\n<li>O trimestre anterior a estes, se anteriormente n\u00e3o tivessem sido considerados para vota\u00e7\u00e3o<\/li>\n<\/ul>\n<\/li>\n<li>Para a lista anual, poder\u00e3o ser escolhidos os \u00e1lbuns editados:\n<ul>\n<li>Durante o ano em curso.<\/li>\n<li>Os do \u00faltimo trimestre do ano anterior que n\u00e3o tivessem sido inclu\u00eddos na lista desse ano.<\/li>\n<\/ul>\n<\/li>\n<li>\u00c1lbuns mais antigos tamb\u00e9m ser\u00e3o reenviados aos membros do painel para considera\u00e7\u00e3o e poss\u00edvel difus\u00e3o, mesmo que n\u00e3o possam ser eleg\u00edveis.<\/li>\n<\/ul>\n<\/li>\n<\/ul>\n<p><strong>Como preparar o teu envio <\/strong><\/p>\n<ol>\n<li>Re\u00fane os teus materiais\n<ol>\n<li>Elementos obrigat\u00f3rios:\n<ul>\n<li>Ficheiros de \u00e1udio do \u00e1lbum completo, fornecendo t\u00edtulos de m\u00fasicas e n\u00fameros de faixas. Recomendamos o uso de ficheiros WAV e\/ou MP3 a 320 kb\/s (n\u00e3o em qualidade inferior).<\/li>\n<li>Livreto completo ou notas do \u00e1lbum e cr\u00e9ditos (ficheiros PDF ou similares).<\/li>\n<\/ul>\n<\/li>\n<li>Elementos opcionais (mas recomendados):\n<ul>\n<li>Link de streaming<\/li>\n<li>Comunicado de imprensa, fotos, biografia&#8230;<\/li>\n<\/ul>\n<\/li>\n<\/ol>\n<\/li>\n<li>Prepara um link para download\n<ol>\n<li style=\"list-style-type: none;\">\n<ul>\n<li>Coloca todos os teus elementos numa \u00fanica pasta (ou numa \u00fanica p\u00e1gina web com links para descarregar todos eles).<\/li>\n<li>Nomeia a pasta com o nome do artista e do \u00e1lbum, assim: Artista &#8211; \u00c1lbum (por exemplo: The Beatles &#8211; Greatest Hits). Evita nomes gen\u00e9ricos que dificultem a identifica\u00e7\u00e3o, como MP3s, WAVs, Master, Promo, LIM\u00faR, Audios ou similares.<\/li>\n<li>O link fornecido deve ser gratuito e sem registo. Ser\u00e1 distribu\u00eddo exclusivamente aos membros do painel da LIM\u00faR, que est\u00e3o obrigados a n\u00e3o o distribuir.<\/li>\n<li>Ser\u00e1 tamb\u00e9m distribu\u00eddo aos membros do painel da nossa iniciativa irm\u00e3, a Transglobal World Music Chart, a menos que indiques o contr\u00e1rio nos coment\u00e1rios.<\/li>\n<li>Poss\u00edvel embargo para distribui\u00e7\u00e3o: Qualquer material enviado aos membros do painel \u00e9 imediatamente considerado utiliz\u00e1vel nos seus respetivos meios de comunica\u00e7\u00e3o, a menos que seja indicado o contr\u00e1rio pelo remetente. Por favor, indica nos coment\u00e1rios a data de embargo para a distribui\u00e7\u00e3o, se houver.<\/li>\n<\/ul>\n<\/li>\n<\/ol>\n<\/li>\n<li>Envia o teu \u00e1lbum\n<ul>\n<li>Preenche o <a href=\"#form\">formul\u00e1rio<\/a> abaixo. Nota que existem alguns campos obrigat\u00f3rios. Sem os preencher, n\u00e3o poder\u00e1s enviar.<\/li>\n<\/ul>\n<\/li>\n<\/ol>\n<p><strong>Como funciona isto? <\/strong><\/p>\n<p>Quando envias um \u00e1lbum para a LIM\u00faR utilizando o formul\u00e1rio nesta p\u00e1gina, os administradores receber\u00e3o um email. Depois de verificarem se os elementos requeridos est\u00e3o inclu\u00eddos e se o \u00e1lbum parece cumprir os crit\u00e9rios, ser\u00e1 enviado a todos os membros do painel para considera\u00e7\u00e3o.<\/p>\n<p>Receber\u00e1s um email de confirma\u00e7\u00e3o de que a tua submiss\u00e3o chegou e foi enviada exclusivamente aos membros. Se n\u00e3o o receberes em cerca de uma semana, entra novamente em contacto connosco, mas por favor tem paci\u00eancia: n\u00e3o \u00e9 uma resposta autom\u00e1tica.<\/p>\n<p>Com os \u00e1lbuns recebidos e outros eleg\u00edveis de que tenhamos conhecimento, ser\u00e1 elaborada uma lista de \u00e1lbuns nomeados para que os membros do painel possam votar livremente nos seus favoritos.<\/p>\n<p><a id=\"eng\" title=\"eng\"><\/a><strong><span style=\"color: #3366ff;\">[eng] <a href=\"#port\">[em portugu\u00eas, acima]<\/a>\u00a0<a href=\"#cast\">[en castellano, m\u00e1s arriba]<\/a><\/span><\/strong><\/p>\n<p>On this page you will find the way to submit your album to LIM\u00faR and reach all panel members.<\/p>\n<ol>\n<li>Please read these instructions carefully first.<\/li>\n<li>Then go to the bottom of this page and fill out the <a href=\"#form\">form<\/a>.<\/li>\n<\/ol>\n<p><strong>To be eligible, your album must:<\/strong><\/p>\n<ul>\n<li>\n<p>Albums that are at least 22 minutes long will be considered eligible, except if that duration is achieved through remixes, versions, or edits of the same song. However, if you send EPs or singles, even if they are not eligible, we will also forward them to the panelists so they can disseminate them in their media.<\/p>\n<\/li>\n<li>Be of Iberian roots music.\n<ul>\n<li>Based on or with significant presence of musical styles rooted in any place under the jurisdiction of Spain, Portugal, Andorra, or Gibraltar.<\/li>\n<li>Based on or with significant presence of root music from any part of the world, performed by Iberian artists or by artists from anywhere in the world in Iberian territory.<\/li>\n<\/ul>\n<\/li>\n<li>Be recently released.\n<ul>\n<li>For quarterly lists, albums released in:\n<ul>\n<li>The current quarter and the previous one<\/li>\n<li>The quarter prior to these, if they had not previously been considered for voting<\/li>\n<\/ul>\n<\/li>\n<li>For the annual list, albums released:\n<ul>\n<li>During the current year<\/li>\n<li>Those from the last quarter of the previous year that were not included in that year&#8217;s listing.<\/li>\n<\/ul>\n<\/li>\n<li>Older albums will also be forwarded to the panelists for consideration and possible dissemination, even if they cannot be eligible.<\/li>\n<\/ul>\n<\/li>\n<\/ul>\n<p><strong>How to prepare your submission <\/strong><\/p>\n<ol>\n<li>Gather your materials\n<ol>\n<li>Mandatory items:\n<ul>\n<li>Audio files of the complete album, providing song titles and track numbers. We recommend using WAV and\/or MP3 files at 320 kb\/s (not lower quality).<\/li>\n<li>Complete booklet or album notes and credits (PDF or similar files).<\/li>\n<\/ul>\n<\/li>\n<li>Optional (but recommended) items:\n<ul>\n<li>Streaming link<\/li>\n<li>Press release, photos, biography&#8230;<\/li>\n<\/ul>\n<\/li>\n<\/ol>\n<\/li>\n<li>Prepare a download link\n<ol>\n<li style=\"list-style-type: none;\">\n<ul>\n<li>Place all your elements in a single folder (or on a single webpage with links to download all of them).<\/li>\n<li>Name the folder with the artist and album name, like this: Artist &#8211; Album (for example: The Beatles &#8211; Greatest Hits). Avoid generic names that make identification difficult, such as MP3s, WAVs, TWMC, Master, Promo, LIM\u00faR, Audios, or similar.<\/li>\n<li>The provided link must be free and without registration. It will be distributed exclusively to LIM\u00faR panelists, who are obligated not to distribute it.<\/li>\n<li>It will also be distributed to the panelists of our sister initiative, the Transglobal World Music Chart, unless you specify otherwise in the comments.<\/li>\n<li>Possible embargo for distribution: Any material sent to the panelists is immediately considered usable in their respective media, unless otherwise indicated by the sender. Please indicate in the comments the embargo date for distribution, if any.<\/li>\n<\/ul>\n<\/li>\n<\/ol>\n<\/li>\n<li>Send your album\n<ul>\n<li>Complete the <a href=\"#form\">form<\/a> below. Note that there are some mandatory fields. Without completing them, you will not be able to submit.<\/li>\n<\/ul>\n<\/li>\n<\/ol>\n<p><strong>How does this work?<\/strong><\/p>\n<p>When you submit an album to LIM\u00faR using the form on this page, the administrators will receive an email. After reviewing that the required elements are included and the album appears to meet the criteria, it will be sent to all panelists for consideration.<\/p>\n<p>You will receive a confirmation email that your submission has arrived and has been sent exclusively to the members. If you do not receive it in about a week, please contact us again, but please be patient: it is not an automatic response.<\/p>\n<p>With the received albums and other eligible ones that we become aware of, a list of nominated albums will be compiled so that panelists can freely vote for their favorites.<\/p>\n<p><a id=\"form\" title=\"form\"><\/a><strong><span style=\"color: #ff0000;\">FORMULARIO \/ FORMUL\u00c1RIO \/ FORM<\/span><\/strong><\/p>\n\n<div class=\"wpcf7 no-js\" id=\"wpcf7-f52-o1\" lang=\"es-ES\" dir=\"ltr\">\n<div class=\"screen-reader-response\"><p role=\"status\" aria-live=\"polite\" aria-atomic=\"true\"><\/p> <ul><\/ul><\/div>\n<form action=\"\/limur\/wp-json\/wp\/v2\/pages\/40#wpcf7-f52-o1\" method=\"post\" class=\"wpcf7-form init\" aria-label=\"Formulario de contacto\" novalidate=\"novalidate\" data-status=\"init\">\n<div style=\"display: none;\">\n<input type=\"hidden\" name=\"_wpcf7\" value=\"52\" \/>\n<input type=\"hidden\" name=\"_wpcf7_version\" value=\"5.9.2\" \/>\n<input type=\"hidden\" name=\"_wpcf7_locale\" value=\"es_ES\" \/>\n<input type=\"hidden\" name=\"_wpcf7_unit_tag\" value=\"wpcf7-f52-o1\" \/>\n<input type=\"hidden\" name=\"_wpcf7_container_post\" value=\"0\" \/>\n<input type=\"hidden\" name=\"_wpcf7_posted_data_hash\" value=\"\" \/>\n<input type=\"hidden\" name=\"_wpcf7_recaptcha_response\" value=\"\" \/>\n<\/div>\n<p><label> Tu nombre \/ O teu nome \/ Your name (requerido)<br \/>\n<span class=\"wpcf7-form-control-wrap\" data-name=\"your-name\"><input size=\"40\" class=\"wpcf7-form-control wpcf7-text wpcf7-validates-as-required\" autocomplete=\"name\" aria-required=\"true\" aria-invalid=\"false\" value=\"\" type=\"text\" name=\"your-name\" \/><\/span> <\/label>\n<\/p>\n<p><label> Tu \/ O teu \/ Your email (requerido)<br \/>\n<span class=\"wpcf7-form-control-wrap\" data-name=\"your-email\"><input size=\"40\" class=\"wpcf7-form-control wpcf7-email wpcf7-validates-as-required wpcf7-text wpcf7-validates-as-email\" autocomplete=\"email\" aria-required=\"true\" aria-invalid=\"false\" value=\"\" type=\"email\" name=\"your-email\" \/><\/span> <\/label>\n<\/p>\n<p>Artista \/ Banda (requerido)\n<\/p>\n<p><span class=\"wpcf7-form-control-wrap\" data-name=\"your-artist\"><input size=\"40\" class=\"wpcf7-form-control wpcf7-text wpcf7-validates-as-required\" aria-required=\"true\" aria-invalid=\"false\" value=\"\" type=\"text\" name=\"your-artist\" \/><\/span>\n<\/p>\n<p>\u00c1lbum (requerido)\n<\/p>\n<p><span class=\"wpcf7-form-control-wrap\" data-name=\"your-album\"><input size=\"40\" class=\"wpcf7-form-control wpcf7-text wpcf7-validates-as-required\" aria-required=\"true\" aria-invalid=\"false\" value=\"\" type=\"text\" name=\"your-album\" \/><\/span>\n<\/p>\n<p>Sel(l)o discogr\u00e1fico \/ Label (requerido)\n<\/p>\n<p><span class=\"wpcf7-form-control-wrap\" data-name=\"your-label\"><input size=\"40\" class=\"wpcf7-form-control wpcf7-text wpcf7-validates-as-required\" aria-required=\"true\" aria-invalid=\"false\" value=\"\" type=\"text\" name=\"your-label\" \/><\/span>\n<\/p>\n<p>Fecha de publicaci\u00f3n \/ Data de lan\u00e7amento \/ Release date (DD\/MM\/AAAA) (requerido)\n<\/p>\n<p><span class=\"wpcf7-form-control-wrap\" data-name=\"your-date\"><input size=\"40\" class=\"wpcf7-form-control wpcf7-text wpcf7-validates-as-required\" aria-required=\"true\" aria-invalid=\"false\" value=\"\" type=\"text\" name=\"your-date\" \/><\/span>\n<\/p>\n<p>Link download: disco completo \/ full album + info, libreto \/ livreto \/ booklet... (requerido)\n<\/p>\n<p><span class=\"wpcf7-form-control-wrap\" data-name=\"url-431\"><input size=\"40\" class=\"wpcf7-form-control wpcf7-url wpcf7-validates-as-required wpcf7-text wpcf7-validates-as-url\" aria-required=\"true\" aria-invalid=\"false\" value=\"\" type=\"url\" name=\"url-431\" \/><\/span>\n<\/p>\n<p>Link streaming (opcional)\n<\/p>\n<p><span class=\"wpcf7-form-control-wrap\" data-name=\"your-streaming\"><input size=\"40\" class=\"wpcf7-form-control wpcf7-url wpcf7-text wpcf7-validates-as-url\" aria-invalid=\"false\" value=\"\" type=\"url\" name=\"your-streaming\" \/><\/span>\n<\/p>\n<p>Descripci\u00f3n \/ Descri\u00e7\u00e3o \/ Description, comenta\/\u00e1rios \/ comments , tel\u00e9fono \/ telefone \/ phone, etc. (m\u00e1x. 1500 caracteres) (opcional)\n<\/p>\n<p><span class=\"wpcf7-form-control-wrap\" data-name=\"your-description\"><textarea cols=\"40\" rows=\"10\" maxlength=\"1500\" class=\"wpcf7-form-control wpcf7-textarea\" aria-invalid=\"false\" name=\"your-description\"><\/textarea><\/span>\n<\/p>\n<p><input class=\"wpcf7-form-control wpcf7-submit has-spinner\" type=\"submit\" value=\"Enviar \/ Send\" \/>\n<\/p><div class=\"wpcf7-response-output\" aria-hidden=\"true\"><\/div>\n<\/form>\n<\/div>\n\n","protected":false},"excerpt":{"rendered":"","protected":false},"author":1,"featured_media":0,"parent":0,"menu_order":0,"comment_status":"closed","ping_status":"closed","template":"","meta":{"footnotes":""},"_links":{"self":[{"href":"https:\/\/www.limur.eu\/limur\/wp-json\/wp\/v2\/pages\/40"}],"collection":[{"href":"https:\/\/www.limur.eu\/limur\/wp-json\/wp\/v2\/pages"}],"about":[{"href":"https:\/\/www.limur.eu\/limur\/wp-json\/wp\/v2\/types\/page"}],"author":[{"embeddable":true,"href":"https:\/\/www.limur.eu\/limur\/wp-json\/wp\/v2\/users\/1"}],"replies":[{"embeddable":true,"href":"https:\/\/www.limur.eu\/limur\/wp-json\/wp\/v2\/comments?post=40"}],"version-history":[{"count":28,"href":"https:\/\/www.limur.eu\/limur\/wp-json\/wp\/v2\/pages\/40\/revisions"}],"predecessor-version":[{"id":315,"href":"https:\/\/www.limur.eu\/limur\/wp-json\/wp\/v2\/pages\/40\/revisions\/315"}],"wp:attachment":[{"href":"https:\/\/www.limur.eu\/limur\/wp-json\/wp\/v2\/media?parent=40"}],"curies":[{"name":"wp","href":"https:\/\/api.w.org\/{rel}","templated":true}]}}