{"id":378,"date":"2026-05-06T17:33:47","date_gmt":"2026-05-06T17:33:47","guid":{"rendered":"https:\/\/www.limur.eu\/limur\/?page_id=378"},"modified":"2026-05-13T22:08:05","modified_gmt":"2026-05-13T22:08:05","slug":"nominar-disco-nominate-album","status":"publish","type":"page","link":"https:\/\/www.limur.eu\/limur\/nominar-disco-nominate-album\/","title":{"rendered":"Nominar disco \/ Nomeiar disco \/ Nominate album"},"content":{"rendered":"<p><strong>\u00a1Nomina como p\u00fablico tu disco favorito de m\u00fasicas de ra\u00edz ib\u00e9ricas!<\/strong><br \/>\n<strong>Nomeia como p\u00fablico o teu disco favorito de m\u00fasicas de raiz ib\u00e9rica!<\/strong><br \/>\n<strong>Nominate as a member of the public your favourite Iberian roots music album!<\/strong><\/p>\n<p>[cast] En esta p\u00e1gina podr\u00e1s nominar tu disco favorito de m\u00fasicas de ra\u00edz ib\u00e9rica para la LIM\u00faR. Debe ser un disco publicado en este a\u00f1o o en el \u00faltimo trimestre del a\u00f1o anterior y que no haya sido nominado entonces. <a href=\"https:\/\/www.limur.eu\/limur\/limur\/\" target=\"_blank\" rel=\"noopener\">Aqu\u00ed<\/a> puedes consultar m\u00e1s criterios para que un disco sea elegible. <a href=\"#form\">\u00a1Nomina aqu\u00ed!<\/a><\/p>\n<p>[port] Nesta p\u00e1gina podes nomear o teu disco favorito de m\u00fasicas de raiz ib\u00e9rica para a LIM\u00faR. Deve ser um disco editado este ano ou no \u00faltimo trimestre do ano anterior e que n\u00e3o tenha sido nomeado nessa altura. <a href=\"https:\/\/www.limur.eu\/limur\/limur\/\" target=\"_blank\" rel=\"noopener\">Aqui<\/a> podes consultar mais crit\u00e9rios para que um disco seja eleg\u00edvel. <a href=\"#form\">Nomeia aqui!<\/a><\/p>\n<p>[eng] On this page you can nominate your favourite Iberian roots music album for LIM\u00faR. It must be an album released this year, or during the last quarter of the previous year provided that it was not nominated then. <a href=\"https:\/\/www.limur.eu\/limur\/limur\/\" target=\"_blank\" rel=\"noopener\">Here<\/a> you can check further criteria for an album to be eligible. <a href=\"#form\">Nominate here!<\/a><\/p>\n<p>[cast] <strong>Atenci\u00f3n<\/strong>: Si eres artista, sello u otro profesional de la m\u00fasica y quieres <strong>ENVIAR<\/strong> tu disco a los panelistas, <a href=\"https:\/\/www.limur.eu\/limur\/manda-o-teu-tu-disco\/\">pulsa aqu\u00ed<\/a>.<br \/>\n[port] <strong>Aten\u00e7\u00e3o<\/strong>: Se \u00e9s artista, editora ou outro profissional da m\u00fasica e queres <strong>ENVIAR<\/strong> o teu disco aos membros do painel, <a href=\"https:\/\/www.limur.eu\/limur\/manda-o-teu-tu-disco\/\">clica aqui<\/a>.<br \/>\n[eng] <strong>Attention<\/strong>: If you are an artist, label or other music professional and would like to SUBMIT your album to the panelists, <a href=\"https:\/\/www.limur.eu\/limur\/manda-o-teu-tu-disco\/\">click here<\/a>.<\/p>\n<p><a id=\"form\" title=\"form\"><\/a><span style=\"color: #ff0000;\"><strong>FORMULARIO \/ FORMUL\u00c1RIO \/ FORM<\/strong><\/span><\/p>\n\n<div class=\"wpcf7 no-js\" id=\"wpcf7-f377-o1\" lang=\"es-ES\" dir=\"ltr\">\n<div class=\"screen-reader-response\"><p role=\"status\" aria-live=\"polite\" aria-atomic=\"true\"><\/p> <ul><\/ul><\/div>\n<form action=\"\/limur\/wp-json\/wp\/v2\/pages\/378#wpcf7-f377-o1\" method=\"post\" class=\"wpcf7-form init\" aria-label=\"Formulario de contacto\" novalidate=\"novalidate\" data-status=\"init\">\n<div style=\"display: none;\">\n<input type=\"hidden\" name=\"_wpcf7\" value=\"377\" \/>\n<input type=\"hidden\" name=\"_wpcf7_version\" value=\"5.9.2\" \/>\n<input type=\"hidden\" name=\"_wpcf7_locale\" value=\"es_ES\" \/>\n<input type=\"hidden\" name=\"_wpcf7_unit_tag\" value=\"wpcf7-f377-o1\" \/>\n<input type=\"hidden\" name=\"_wpcf7_container_post\" value=\"0\" \/>\n<input type=\"hidden\" name=\"_wpcf7_posted_data_hash\" value=\"\" \/>\n<input type=\"hidden\" name=\"_wpcf7_recaptcha_response\" value=\"\" \/>\n<\/div>\n<p><label> Tu nombre \/ O teu nome \/ Your name (requerido)<br \/>\n<span class=\"wpcf7-form-control-wrap\" data-name=\"your-name\"><input size=\"40\" class=\"wpcf7-form-control wpcf7-text wpcf7-validates-as-required\" autocomplete=\"name\" aria-required=\"true\" aria-invalid=\"false\" value=\"\" type=\"text\" name=\"your-name\" \/><\/span> <\/label>\n<\/p>\n<p><label> Tu \/ O teu \/ Your email (requerido)<br \/>\n<span class=\"wpcf7-form-control-wrap\" data-name=\"your-email\"><input size=\"40\" class=\"wpcf7-form-control wpcf7-email wpcf7-validates-as-required wpcf7-text wpcf7-validates-as-email\" autocomplete=\"email\" aria-required=\"true\" aria-invalid=\"false\" value=\"\" type=\"email\" name=\"your-email\" \/><\/span> <\/label>\n<\/p>\n<p>Artista \/ Banda (requerido)\n<\/p>\n<p><span class=\"wpcf7-form-control-wrap\" data-name=\"your-artist\"><input size=\"40\" class=\"wpcf7-form-control wpcf7-text wpcf7-validates-as-required\" aria-required=\"true\" aria-invalid=\"false\" value=\"\" type=\"text\" name=\"your-artist\" \/><\/span>\n<\/p>\n<p>\u00c1lbum (requerido)\n<\/p>\n<p><span class=\"wpcf7-form-control-wrap\" data-name=\"your-album\"><input size=\"40\" class=\"wpcf7-form-control wpcf7-text wpcf7-validates-as-required\" aria-required=\"true\" aria-invalid=\"false\" value=\"\" type=\"text\" name=\"your-album\" \/><\/span>\n<\/p>\n<p>Sel(l)o discogr\u00e1fico \/ Label (si lo sabes \/ se conhecer \/ if you know)\n<\/p>\n<p><span class=\"wpcf7-form-control-wrap\" data-name=\"your-label\"><input size=\"40\" class=\"wpcf7-form-control wpcf7-text\" aria-invalid=\"false\" value=\"\" type=\"text\" name=\"your-label\" \/><\/span>\n<\/p>\n<p>Fecha de publicaci\u00f3n \/ Data de lan\u00e7amento \/ Release date (DD\/MM\/AAAA) (si lo sabes \/ se conhecer \/ if you know)\n<\/p>\n<p><span class=\"wpcf7-form-control-wrap\" data-name=\"your-date\"><input size=\"40\" class=\"wpcf7-form-control wpcf7-text\" aria-invalid=\"false\" value=\"\" type=\"text\" name=\"your-date\" \/><\/span>\n<\/p>\n<p>Link streaming (opcional)\n<\/p>\n<p><span class=\"wpcf7-form-control-wrap\" data-name=\"your-streaming\"><input size=\"40\" class=\"wpcf7-form-control wpcf7-url wpcf7-text wpcf7-validates-as-url\" aria-invalid=\"false\" value=\"\" type=\"url\" name=\"your-streaming\" \/><\/span>\n<\/p>\n<p>Comenta\/\u00e1rios \/ comments (m\u00e1x. 1500 caracteres) (opcional)\n<\/p>\n<p><span class=\"wpcf7-form-control-wrap\" data-name=\"your-description\"><textarea cols=\"40\" rows=\"10\" maxlength=\"1500\" class=\"wpcf7-form-control wpcf7-textarea\" aria-invalid=\"false\" name=\"your-description\"><\/textarea><\/span>\n<\/p>\n<p><input class=\"wpcf7-form-control wpcf7-submit has-spinner\" type=\"submit\" value=\"Enviar \/ Send\" \/>\n<\/p><div class=\"wpcf7-response-output\" aria-hidden=\"true\"><\/div>\n<\/form>\n<\/div>\n\n","protected":false},"excerpt":{"rendered":"<p>\u00a1Nomina como p\u00fablico tu disco favorito de m\u00fasicas de ra\u00edz ib\u00e9ricas! Nomeia como p\u00fablico o teu disco favorito de m\u00fasicas de raiz ib\u00e9rica! Nominate as a member of the public your favourite Iberian roots music album! [cast] En esta p\u00e1gina podr\u00e1s nominar tu disco favorito de m\u00fasicas de ra\u00edz ib\u00e9rica para la LIM\u00faR. Debe ser &hellip; <a href=\"https:\/\/www.limur.eu\/limur\/nominar-disco-nominate-album\/\" class=\"more-link\">Continuar a ler<span class=\"screen-reader-text\"> &#8220;Nominar disco \/ Nomeiar disco \/ Nominate album&#8221;<\/span><\/a><\/p>\n","protected":false},"author":1,"featured_media":0,"parent":0,"menu_order":0,"comment_status":"closed","ping_status":"closed","template":"","meta":{"footnotes":""},"_links":{"self":[{"href":"https:\/\/www.limur.eu\/limur\/wp-json\/wp\/v2\/pages\/378"}],"collection":[{"href":"https:\/\/www.limur.eu\/limur\/wp-json\/wp\/v2\/pages"}],"about":[{"href":"https:\/\/www.limur.eu\/limur\/wp-json\/wp\/v2\/types\/page"}],"author":[{"embeddable":true,"href":"https:\/\/www.limur.eu\/limur\/wp-json\/wp\/v2\/users\/1"}],"replies":[{"embeddable":true,"href":"https:\/\/www.limur.eu\/limur\/wp-json\/wp\/v2\/comments?post=378"}],"version-history":[{"count":5,"href":"https:\/\/www.limur.eu\/limur\/wp-json\/wp\/v2\/pages\/378\/revisions"}],"predecessor-version":[{"id":386,"href":"https:\/\/www.limur.eu\/limur\/wp-json\/wp\/v2\/pages\/378\/revisions\/386"}],"wp:attachment":[{"href":"https:\/\/www.limur.eu\/limur\/wp-json\/wp\/v2\/media?parent=378"}],"curies":[{"name":"wp","href":"https:\/\/api.w.org\/{rel}","templated":true}]}}