{"id":28,"date":"2024-02-11T17:28:07","date_gmt":"2024-02-11T17:28:07","guid":{"rendered":"https:\/\/www.limur.eu\/limur\/?page_id=28"},"modified":"2024-07-09T11:55:55","modified_gmt":"2024-07-09T11:55:55","slug":"o-que-e-a-limur","status":"publish","type":"page","link":"https:\/\/www.limur.eu\/limur\/o-que-e-a-limur\/","title":{"rendered":"O que \u00e9 a LIM\u00faR?"},"content":{"rendered":"\r\n<p>N\u00e3o, <strong>LIM\u00faR<\/strong> n\u00e3o \u00e9 a nova revela\u00e7\u00e3o do pop island\u00eas nem um simp\u00e1tico animalzinho arbor\u00edcola de Madag\u00e1scar: \u00e9 a Lista Ib\u00e9rica de M\u00fasicas de Raiz.\u00a0<\/p>\r\n<p>\r\n\r\n<\/p>\r\n<p>A <strong>LIM\u00faR<\/strong> pretende celebrar, reconhecer, potenciar e divulgar as produ\u00e7\u00f5es discogr\u00e1ficas de <strong>m\u00fasicas ib\u00e9ricas de raiz<\/strong> de maior qualidade.\u00a0<\/p>\r\n<p>\r\n\r\n<\/p>\r\n<p>Entendemos por <strong>m\u00fasica ib\u00e9rica de raiz<\/strong> qualquer express\u00e3o musical <strong>com ra\u00edzes nas culturas ib\u00e9ricas realizada em qualquer parte do planeta<\/strong> ou qualquer express\u00e3o musical <strong>com ra\u00edzes em qualquer parte do planeta realizada por artistas ib\u00e9ricos e\/ou em terras ib\u00e9ricas<\/strong>, entendendo por ib\u00e9rico o que se refere a qualquer territ\u00f3rio sob administra\u00e7\u00e3o portuguesa, espanhola, andorrana ou gibraltina, incluindo aqueles situados fora da pen\u00ednsula Ib\u00e9rica.\u00a0<\/p>\r\n<p>\r\n\r\n<\/p>\r\n<p>A <strong>LIM\u00faR<\/strong> re\u00fane um grupo de especialistas em m\u00fasicas de raiz nas suas diferentes vertentes: tradicional, folk, as chamadas m\u00fasicas do mundo, ou de estilos como o flamenco, o fado ou qualquer outro, com esp\u00edrito aberto para avaliar qualquer produ\u00e7\u00e3o discogr\u00e1fica com base na sua qualidade art\u00edstica, independentemente do seu estilo musical.\u00a0<\/p>\r\n<p>\r\n\r\n<\/p>\r\n<p>A <strong>LIM\u00faR<\/strong> produz a cada ano quatro listas trimestrais e uma anual com os discos recentes das caracter\u00edsticas citadas, mais bem avaliados pelos painelistas, em uma categoria \u00fanica que incluir\u00e1 qualquer produ\u00e7\u00e3o discogr\u00e1fica, independentemente do seu formato ou modo de edi\u00e7\u00e3o ou distribui\u00e7\u00e3o.\u00a0<\/p>\r\n<p><strong>LIM\u00faR\u00a0<\/strong>foi idealizada e \u00e9 administrada por\u00a0<strong>Juan Antonio V\u00e1zquez<\/strong>\u00a0(Mundofon\u00edas, Mil mundos, Transglobal World Music Chart&#8230;). Para qualquer informa\u00e7\u00e3o adicional, entrevistas com o administrador, etc., n\u00e3o hesite em entrar em <a href=\"https:\/\/www.limur.eu\/limur\/contacto\/\">contacto<\/a>.<\/p>\r\n<p><strong>Como funciona?<\/strong><\/p>\r\n<div class=\"flex flex-grow flex-col max-w-full\">\r\n<div class=\"min-h-[20px] text-message flex flex-col items-start whitespace-pre-wrap break-words [.text-message+&amp;]:mt-5 juice:w-full juice:items-end overflow-x-auto gap-2\" dir=\"auto\" data-message-author-role=\"assistant\" data-message-id=\"ec38a3c3-0a65-420a-8088-0a5a24975877\">\r\n<div class=\"flex w-full flex-col gap-1 juice:empty:hidden juice:first:pt-[3px]\">\r\n<div class=\"markdown prose w-full break-words dark:prose-invert light\">\r\n<p>A vota\u00e7\u00e3o dos painelistas \u00e9 feita a partir de uma lista fechada que inclui os discos enviados para a <strong>LIM\u00faR<\/strong> atrav\u00e9s do formul\u00e1rio web, ou autorizados para partilhar com os painelistas da <strong>LIM\u00faR<\/strong>. Tamb\u00e9m ser\u00e3o considerados todos os discos considerados de <strong>m\u00fasicas ib\u00e9ricas de raiz<\/strong> de que o administrador tenha tido conhecimento. Para isso, tanto os painelistas como qualquer pessoa podem notificar a publica\u00e7\u00e3o de um disco com estas caracter\u00edsticas, que ser\u00e1 imediatamente tido em conta.<\/p>\r\n<p>Para a <strong>lista trimestral<\/strong>, s\u00e3o eleg\u00edveis os discos publicados nos dois \u00faltimos trimestres, mais os do trimestre imediatamente anterior que n\u00e3o tenham sido propostos em vota\u00e7\u00f5es anteriores.<\/p>\r\n<p>Para a <strong>lista anual<\/strong>, ser\u00e3o considerados os discos publicados ao longo de todo o ano, mais os do \u00faltimo trimestre do ano anterior que n\u00e3o tenham sido tidos em conta na vota\u00e7\u00e3o do ano anterior.<\/p>\r\n<\/div>\r\n<\/div>\r\n<\/div>\r\n<\/div>\r\n","protected":false},"excerpt":{"rendered":"<p>N\u00e3o, LIM\u00faR n\u00e3o \u00e9 a nova revela\u00e7\u00e3o do pop island\u00eas nem um simp\u00e1tico animalzinho arbor\u00edcola de Madag\u00e1scar: \u00e9 a Lista Ib\u00e9rica de M\u00fasicas de Raiz.\u00a0 A LIM\u00faR pretende celebrar, reconhecer, potenciar e divulgar as produ\u00e7\u00f5es discogr\u00e1ficas de m\u00fasicas ib\u00e9ricas de raiz de maior qualidade.\u00a0 Entendemos por m\u00fasica ib\u00e9rica de raiz qualquer express\u00e3o musical com ra\u00edzes &hellip; <a href=\"https:\/\/www.limur.eu\/limur\/o-que-e-a-limur\/\" class=\"more-link\">Continuar a ler<span class=\"screen-reader-text\"> &#8220;O que \u00e9 a LIM\u00faR?&#8221;<\/span><\/a><\/p>\n","protected":false},"author":1,"featured_media":0,"parent":0,"menu_order":0,"comment_status":"closed","ping_status":"closed","template":"","meta":{"footnotes":""},"_links":{"self":[{"href":"https:\/\/www.limur.eu\/limur\/wp-json\/wp\/v2\/pages\/28"}],"collection":[{"href":"https:\/\/www.limur.eu\/limur\/wp-json\/wp\/v2\/pages"}],"about":[{"href":"https:\/\/www.limur.eu\/limur\/wp-json\/wp\/v2\/types\/page"}],"author":[{"embeddable":true,"href":"https:\/\/www.limur.eu\/limur\/wp-json\/wp\/v2\/users\/1"}],"replies":[{"embeddable":true,"href":"https:\/\/www.limur.eu\/limur\/wp-json\/wp\/v2\/comments?post=28"}],"version-history":[{"count":5,"href":"https:\/\/www.limur.eu\/limur\/wp-json\/wp\/v2\/pages\/28\/revisions"}],"predecessor-version":[{"id":282,"href":"https:\/\/www.limur.eu\/limur\/wp-json\/wp\/v2\/pages\/28\/revisions\/282"}],"wp:attachment":[{"href":"https:\/\/www.limur.eu\/limur\/wp-json\/wp\/v2\/media?parent=28"}],"curies":[{"name":"wp","href":"https:\/\/api.w.org\/{rel}","templated":true}]}}